{"id":164,"date":"2020-08-13T07:42:52","date_gmt":"2020-08-13T07:42:52","guid":{"rendered":"http:\/\/buflings.golfclub-oberstaufen.de\/?page_id=164"},"modified":"2020-09-01T17:54:40","modified_gmt":"2020-09-01T15:54:40","slug":"impressum","status":"publish","type":"page","link":"https:\/\/golfzentrum-oberstaufen.de\/?page_id=164","title":{"rendered":"Impressum"},"content":{"rendered":"\t\t<div data-elementor-type=\"wp-page\" data-elementor-id=\"164\" class=\"elementor elementor-164\" data-elementor-post-type=\"page\">\n\t\t\t\t\t\t<section class=\"elementor-section elementor-top-section elementor-element elementor-element-c7d6de4 elementor-section-height-min-height elementor-section-boxed elementor-section-height-default elementor-section-items-middle\" data-id=\"c7d6de4\" data-element_type=\"section\" data-e-type=\"section\" data-settings=\"{&quot;background_background&quot;:&quot;classic&quot;}\">\n\t\t\t\t\t\t<div class=\"elementor-container elementor-column-gap-default\">\n\t\t\t\t\t<div class=\"elementor-column elementor-col-100 elementor-top-column elementor-element elementor-element-f9cce68\" data-id=\"f9cce68\" data-element_type=\"column\" data-e-type=\"column\">\n\t\t\t<div class=\"elementor-widget-wrap elementor-element-populated\">\n\t\t\t\t\t\t<div class=\"elementor-element elementor-element-5573ed4 elementor-widget elementor-widget-heading\" data-id=\"5573ed4\" data-element_type=\"widget\" data-e-type=\"widget\" data-widget_type=\"heading.default\">\n\t\t\t\t<div class=\"elementor-widget-container\">\n\t\t\t\t\t<h1 class=\"elementor-heading-title elementor-size-default\">Impressum<\/h1>\t\t\t\t<\/div>\n\t\t\t\t<\/div>\n\t\t\t\t\t<\/div>\n\t\t<\/div>\n\t\t\t\t\t<\/div>\n\t\t<\/section>\n\t\t\t\t<section class=\"elementor-section elementor-top-section elementor-element elementor-element-4147a3b elementor-section-boxed elementor-section-height-default elementor-section-height-default\" data-id=\"4147a3b\" data-element_type=\"section\" data-e-type=\"section\">\n\t\t\t\t\t\t<div class=\"elementor-container elementor-column-gap-default\">\n\t\t\t\t\t<div class=\"elementor-column elementor-col-100 elementor-top-column elementor-element elementor-element-5014582\" data-id=\"5014582\" data-element_type=\"column\" data-e-type=\"column\">\n\t\t\t<div class=\"elementor-widget-wrap elementor-element-populated\">\n\t\t\t\t\t\t<div class=\"elementor-element elementor-element-78f34e3 elementor-widget elementor-widget-text-editor\" data-id=\"78f34e3\" data-element_type=\"widget\" data-e-type=\"widget\" data-widget_type=\"text-editor.default\">\n\t\t\t\t<div class=\"elementor-widget-container\">\n\t\t\t\t\t\t\t\t\t<p><span style=\"color: #58810e;\"><strong>Impressum und rechtliche Hinweise<\/strong><\/span><\/p><p><strong>Anschrift:<\/strong><\/p><p><strong>Golfzentrum Oberstaufen GmbH &amp; Co KG<\/strong><br \/><span>Buflings 1a<\/span><br \/><span>87534 Oberstaufen<\/span><br \/><span>Tel: 0 83 86 &#8211; 93 92 50<\/span><span><br \/>info(at)golfzentrum-oberstaufen.de<\/span><\/p><p>Rechtsform: KG; Sitz: Oberstaufen; Registergericht: Kempten HRA 8659<\/p><p>pers\u00f6nlich haftende Gesellschafterin: Golfzentrum\u00a0Verwaltungs GmbH; Sitz: Oberstaufen, Registerericht: Kempten HRB 9324<\/p><p>Gesch\u00e4ftsf\u00fchrer: Dr. Erhard Zieringer<\/p><p><strong><span>Umsatzsteuer-Identifikationsnummer (gem\u00e4\u00df \u00a727a Umsatzsteuergesetz)<\/span><\/strong><\/p><p>USt-IdentNr. DE 252 389 401<\/p><p><strong><br \/>Inhaltlich Verantwortlicher gem\u00e4\u00df\u00a0\u00a710 MDStV:<\/strong><\/p><p>Dr. Erhard Zieringer (info(at)golfzentrum-oberstaufen.de)<\/p><p><strong><span>\u00a0<\/span><\/strong><\/p><p>diese Plattformen sind Info-Plattformen<br \/>und dienen der Kunden- und Mitgliederinformation<strong><a href=\"http:\/\/www.aht-teppiche.de.linux03.unixserver.org\/page\/\">\u00a0<\/a><\/strong><\/p><p><span><strong>Haftungshinweis:<\/strong><\/span><br \/>Mit Urteil vom 12. Mai 1998 hat das Landgericht Hamburg entschieden, dass man durch die Ausbringung eines Links die Inhalte der gelinkten Seite ggf. mit zu verantworten hat. Dies kann, so das LG, nur dadurch verhindert werden, dass man sich ausdr\u00fccklich von diesen Inhalten distanziert. Wir haben auf unseren Seiten Links zu anderen Seiten im Internet gelegt. F\u00fcr alle diese Links gilt: Wir erkl\u00e4ren ausdr\u00fccklich, dass wir keinerlei Einfluss auf die Gestaltung und die Inhalte der gelinkten Seiten haben. Deshalb distanzieren wir uns hiermit ausdr\u00fccklich von allen Inhalten aller gelinkten Seiten auf unserer Homepage und machen uns diese Inhalte nicht zu Eigen. Diese Erkl\u00e4rung gilt f\u00fcr alle auf unserer Homepage angezeigten Links und f\u00fcr alle Inhalte der Seiten, zu denen die bei uns sichtbaren Banner, Buttons und Links f\u00fchren.<\/p><p><strong><span>Rechtshinweis zum Bild-Download:<\/span><\/strong>\u00a0<\/p><p>S\u00e4mtliche dargestellten Bilder sind Eigentum des Golfpark Allg\u00e4u oder diese\u00a0sind zur Verwendung befugt.\u00a0Die Nutzung, insbesondere der Download und die Weiterverwendung f\u00fcr private und\/oder kommerzielle Einsatzbereiche in Agenturen, Web-Auftritten und allen werblichen Medien ist untersagt und bedarf einer vorherigen, ausdr\u00fccklichen und schriftlichen Zustimmung von Seiten der Gesch\u00e4ftsf\u00fchrung des Golfzentrum Oberstaufen. Eine Weitergabe an Dritte ist nicht gestattet. Es gelten die urheberrechtlichen Nutzungsregeln f\u00fcr Bilder.<\/p><p><strong><span>Datenschutz:<\/span><\/strong><\/p><p>Der Schutz der Privatsph\u00e4re des Einzelnen im Internet ist uns sehr wichtig.<br \/>Mit der Nutzung unserer Angebote erkl\u00e4ren Sie sich mit der Speicherung Ihrer Adressdaten einverstanden. Die Daten werden nicht an Dritte weitergegeben. Sie k\u00f6nnen Ihre Daten jederzeit bei uns l\u00f6schen lassen, wenn Sie uns dies schriftlich mitteilen.<\/p><p><strong><span>Haftungsausschluss:<\/span><\/strong><\/p><p>Inhalt der Seiten<br \/>Das Golfzentrum Oberstaufen \u00fcbernimmt keinerlei Gew\u00e4hr f\u00fcr die Aktualit\u00e4t, Korrektheit, Vollst\u00e4ndigkeit oder Qualit\u00e4t der bereitgestellten Informationen. Haftungsanspr\u00fcche gegen den Autor, welche sich auf Sch\u00e4den materieller oder ideeller Art beziehen, die durch die Nutzung oder Nichtnutzung der dargebotenen Informationen bzw. durch die Nutzung fehlerhafter und unvollst\u00e4ndiger Informationen verursacht wurden, sind grunds\u00e4tzlich ausgeschlossen.<br \/>Das Golfzentrum Oberstaufen beh\u00e4lt es sich ausdr\u00fccklich vor, Teile der Seiten oder das gesamte Angebot ohne gesonderte Ank\u00fcndigung zu ver\u00e4ndern, zu erg\u00e4nzen, zu l\u00f6schen oder die Ver\u00f6ffentlichung zeitweise oder endg\u00fcltig einzustellen.<\/p><p><span><strong>Verweise und Links<\/strong><\/span><br \/>Bei direkten oder indirekten Verweisen auf fremde Internetseiten (&#8222;Links&#8220;), die au\u00dferhalb des Verantwortungsbereiches des Golfzentrum Oberstaufen liegt, tritt keine Haftungsverpflichtung in Kraft.<br \/>Das Golfzentrum Oberstaufen erkl\u00e4rt hiermit ausdr\u00fccklich, dass zum Zeitpunkt der Linksetzung keine illegalen Inhalte auf den zu verlinkenden Seiten erkennbar waren. Auf die aktuelle und zuk\u00fcnftige Gestaltung, die Inhalte oder die Urheberschaft der gelinkten \/ verkn\u00fcpften Seiten hat der Golfpark Allg\u00e4u keinerlei Einfluss. Wir \u00a0distanzieren uns hiermit von allen Inhalten aller gelinkten \/ verkn\u00fcpften Seiten. Diese Feststellung gilt f\u00fcr alle innerhalb des eigenen Internetangebotes gesetzten Links und Verweise sowie f\u00fcr Fremdeintr\u00e4ge in vom Autor eingerichteten Diskussionsforum\u00a0Facebook. F\u00fcr illegale, fehlerhafte oder unvollst\u00e4ndige Inhalte und insbesondere f\u00fcr Sch\u00e4den, die aus der Nutzung oder Nichtnutzung solcherart dargebotener Informationen entstehen, haftet allein der Anbieter der Seite auf welche verwiesen wurde\u00a0oder der Beitragserfasser im Diskussionsforum, nicht derjenige, der \u00fcber Links auf die jeweilige Ver\u00f6ffentlichung lediglich verweist.\u00a0<\/p><p><strong><span>Rechtswirksamkeit dieses Haftungsausschlusses<\/span><\/strong><br \/>Dieser Haftungsausschluss ist als Teil des Internetangebotes zu betrachten. Sofern Teile oder einzelne Formulierungen dieses Textes der geltenden Rechtslage nicht, nicht mehr oder nicht vollst\u00e4ndig entsprechen sollten, bleiben die \u00fcbrigen Teile des Dokumentes in ihrem Inhalt und ihrer G\u00fcltigkeit davon unber\u00fchrt.<\/p>\t\t\t\t\t\t\t\t<\/div>\n\t\t\t\t<\/div>\n\t\t\t\t\t<\/div>\n\t\t<\/div>\n\t\t\t\t\t<\/div>\n\t\t<\/section>\n\t\t\t\t<\/div>\n\t\t","protected":false},"excerpt":{"rendered":"<p>Impressum Impressum und rechtliche Hinweise Anschrift: Golfzentrum Oberstaufen GmbH &amp; Co KGBuflings 1a87534 OberstaufenTel: 0 83 86 &#8211; 93 92 50info(at)golfzentrum-oberstaufen.de Rechtsform: KG; Sitz: Oberstaufen; Registergericht: Kempten HRA 8659 pers\u00f6nlich haftende Gesellschafterin: Golfzentrum\u00a0Verwaltungs GmbH; Sitz: Oberstaufen, Registerericht: Kempten HRB 9324 Gesch\u00e4ftsf\u00fchrer: Dr. Erhard Zieringer Umsatzsteuer-Identifikationsnummer (gem\u00e4\u00df \u00a727a Umsatzsteuergesetz) USt-IdentNr. DE [&hellip;]<\/p>\n","protected":false},"author":1,"featured_media":0,"parent":0,"menu_order":0,"comment_status":"closed","ping_status":"closed","template":"elementor_header_footer","meta":{"footnotes":"","_elementor_edit_mode":"builder","_elementor_template_type":"wp-page","_elementor_data":"[{\"id\":\"c7d6de4\",\"elType\":\"section\",\"settings\":{\"height\":\"min-height\",\"custom_height\":{\"unit\":\"px\",\"size\":300,\"sizes\":[]},\"background_overlay_position\":\"center center\",\"background_background\":\"classic\",\"background_image\":{\"url\":\"http:\\\/\\\/buflings.golfclub-oberstaufen.de\\\/wp-content\\\/uploads\\\/2020\\\/08\\\/DJI_0326-scaled.jpg\",\"id\":107},\"background_position\":\"center left\",\"background_repeat\":\"no-repeat\"},\"elements\":[{\"id\":\"f9cce68\",\"elType\":\"column\",\"settings\":{\"_column_size\":100,\"_inline_size\":null},\"elements\":[{\"id\":\"5573ed4\",\"elType\":\"widget\",\"settings\":{\"title\":\"Impressum\",\"header_size\":\"h1\",\"align\":\"center\",\"title_color\":\"#FFFFFF\",\"typography_typography\":\"custom\",\"typography_font_size\":{\"unit\":\"px\",\"size\":100,\"sizes\":[]},\"text_shadow_text_shadow_type\":\"yes\",\"typography_font_size_mobile\":{\"unit\":\"px\",\"size\":45,\"sizes\":[]}},\"elements\":[],\"widgetType\":\"heading\"}],\"isInner\":false}],\"isInner\":false},{\"id\":\"4147a3b\",\"elType\":\"section\",\"settings\":[],\"elements\":[{\"id\":\"5014582\",\"elType\":\"column\",\"settings\":{\"_column_size\":100,\"_inline_size\":null},\"elements\":[{\"id\":\"78f34e3\",\"elType\":\"widget\",\"settings\":{\"editor\":\"<p><span style=\\\"color: #58810e;\\\"><strong>Impressum und rechtliche Hinweise<\\\/strong><\\\/span><\\\/p><p><strong>Anschrift:<\\\/strong><\\\/p><p><strong>Golfzentrum Oberstaufen GmbH &amp; Co KG<\\\/strong><br \\\/><span>Buflings 1a<\\\/span><br \\\/><span>87534 Oberstaufen<\\\/span><br \\\/><span>Tel: 0 83 86 - 93 92 50<\\\/span><span><br \\\/>info(at)golfzentrum-oberstaufen.de<\\\/span><\\\/p><p>Rechtsform: KG; Sitz: Oberstaufen; Registergericht: Kempten HRA 8659<\\\/p><p>pers\\u00f6nlich haftende Gesellschafterin: Golfzentrum\\u00a0Verwaltungs GmbH; Sitz: Oberstaufen, Registerericht: Kempten HRB 9324<\\\/p><p>Gesch\\u00e4ftsf\\u00fchrer: Dr. Erhard Zieringer<\\\/p><p><strong><span>Umsatzsteuer-Identifikationsnummer (gem\\u00e4\\u00df \\u00a727a Umsatzsteuergesetz)<\\\/span><\\\/strong><\\\/p><p>USt-IdentNr. DE 252 389 401<\\\/p><p><strong><br \\\/>Inhaltlich Verantwortlicher gem\\u00e4\\u00df\\u00a0\\u00a710 MDStV:<\\\/strong><\\\/p><p>Dr. Erhard Zieringer (info(at)golfzentrum-oberstaufen.de)<\\\/p><p><strong><span>\\u00a0<\\\/span><\\\/strong><\\\/p><p>diese Plattformen sind Info-Plattformen<br \\\/>und dienen der Kunden- und Mitgliederinformation<strong><a href=\\\"http:\\\/\\\/www.aht-teppiche.de.linux03.unixserver.org\\\/page\\\/\\\">\\u00a0<\\\/a><\\\/strong><\\\/p><p><span><strong>Haftungshinweis:<\\\/strong><\\\/span><br \\\/>Mit Urteil vom 12. Mai 1998 hat das Landgericht Hamburg entschieden, dass man durch die Ausbringung eines Links die Inhalte der gelinkten Seite ggf. mit zu verantworten hat. Dies kann, so das LG, nur dadurch verhindert werden, dass man sich ausdr\\u00fccklich von diesen Inhalten distanziert. Wir haben auf unseren Seiten Links zu anderen Seiten im Internet gelegt. F\\u00fcr alle diese Links gilt: Wir erkl\\u00e4ren ausdr\\u00fccklich, dass wir keinerlei Einfluss auf die Gestaltung und die Inhalte der gelinkten Seiten haben. Deshalb distanzieren wir uns hiermit ausdr\\u00fccklich von allen Inhalten aller gelinkten Seiten auf unserer Homepage und machen uns diese Inhalte nicht zu Eigen. Diese Erkl\\u00e4rung gilt f\\u00fcr alle auf unserer Homepage angezeigten Links und f\\u00fcr alle Inhalte der Seiten, zu denen die bei uns sichtbaren Banner, Buttons und Links f\\u00fchren.<\\\/p><p><strong><span>Rechtshinweis zum Bild-Download:<\\\/span><\\\/strong>\\u00a0<\\\/p><p>S\\u00e4mtliche dargestellten Bilder sind Eigentum des Golfpark Allg\\u00e4u oder diese\\u00a0sind zur Verwendung befugt.\\u00a0Die Nutzung, insbesondere der Download und die Weiterverwendung f\\u00fcr private und\\\/oder kommerzielle Einsatzbereiche in Agenturen, Web-Auftritten und allen werblichen Medien ist untersagt und bedarf einer vorherigen, ausdr\\u00fccklichen und schriftlichen Zustimmung von Seiten der Gesch\\u00e4ftsf\\u00fchrung des Golfzentrum Oberstaufen. Eine Weitergabe an Dritte ist nicht gestattet. Es gelten die urheberrechtlichen Nutzungsregeln f\\u00fcr Bilder.<\\\/p><p><strong><span>Datenschutz:<\\\/span><\\\/strong><\\\/p><p>Der Schutz der Privatsph\\u00e4re des Einzelnen im Internet ist uns sehr wichtig.<br \\\/>Mit der Nutzung unserer Angebote erkl\\u00e4ren Sie sich mit der Speicherung Ihrer Adressdaten einverstanden. Die Daten werden nicht an Dritte weitergegeben. Sie k\\u00f6nnen Ihre Daten jederzeit bei uns l\\u00f6schen lassen, wenn Sie uns dies schriftlich mitteilen.<\\\/p><p><strong><span>Haftungsausschluss:<\\\/span><\\\/strong><\\\/p><p>Inhalt der Seiten<br \\\/>Das Golfzentrum Oberstaufen \\u00fcbernimmt keinerlei Gew\\u00e4hr f\\u00fcr die Aktualit\\u00e4t, Korrektheit, Vollst\\u00e4ndigkeit oder Qualit\\u00e4t der bereitgestellten Informationen. Haftungsanspr\\u00fcche gegen den Autor, welche sich auf Sch\\u00e4den materieller oder ideeller Art beziehen, die durch die Nutzung oder Nichtnutzung der dargebotenen Informationen bzw. durch die Nutzung fehlerhafter und unvollst\\u00e4ndiger Informationen verursacht wurden, sind grunds\\u00e4tzlich ausgeschlossen.<br \\\/>Das Golfzentrum Oberstaufen beh\\u00e4lt es sich ausdr\\u00fccklich vor, Teile der Seiten oder das gesamte Angebot ohne gesonderte Ank\\u00fcndigung zu ver\\u00e4ndern, zu erg\\u00e4nzen, zu l\\u00f6schen oder die Ver\\u00f6ffentlichung zeitweise oder endg\\u00fcltig einzustellen.<\\\/p><p><span><strong>Verweise und Links<\\\/strong><\\\/span><br \\\/>Bei direkten oder indirekten Verweisen auf fremde Internetseiten (\\\"Links\\\"), die au\\u00dferhalb des Verantwortungsbereiches des Golfzentrum Oberstaufen liegt, tritt keine Haftungsverpflichtung in Kraft.<br \\\/>Das Golfzentrum Oberstaufen erkl\\u00e4rt hiermit ausdr\\u00fccklich, dass zum Zeitpunkt der Linksetzung keine illegalen Inhalte auf den zu verlinkenden Seiten erkennbar waren. Auf die aktuelle und zuk\\u00fcnftige Gestaltung, die Inhalte oder die Urheberschaft der gelinkten \\\/ verkn\\u00fcpften Seiten hat der Golfpark Allg\\u00e4u keinerlei Einfluss. Wir \\u00a0distanzieren uns hiermit von allen Inhalten aller gelinkten \\\/ verkn\\u00fcpften Seiten. Diese Feststellung gilt f\\u00fcr alle innerhalb des eigenen Internetangebotes gesetzten Links und Verweise sowie f\\u00fcr Fremdeintr\\u00e4ge in vom Autor eingerichteten Diskussionsforum\\u00a0Facebook. F\\u00fcr illegale, fehlerhafte oder unvollst\\u00e4ndige Inhalte und insbesondere f\\u00fcr Sch\\u00e4den, die aus der Nutzung oder Nichtnutzung solcherart dargebotener Informationen entstehen, haftet allein der Anbieter der Seite auf welche verwiesen wurde\\u00a0oder der Beitragserfasser im Diskussionsforum, nicht derjenige, der \\u00fcber Links auf die jeweilige Ver\\u00f6ffentlichung lediglich verweist.\\u00a0<\\\/p><p><strong><span>Rechtswirksamkeit dieses Haftungsausschlusses<\\\/span><\\\/strong><br \\\/>Dieser Haftungsausschluss ist als Teil des Internetangebotes zu betrachten. Sofern Teile oder einzelne Formulierungen dieses Textes der geltenden Rechtslage nicht, nicht mehr oder nicht vollst\\u00e4ndig entsprechen sollten, bleiben die \\u00fcbrigen Teile des Dokumentes in ihrem Inhalt und ihrer G\\u00fcltigkeit davon unber\\u00fchrt.<\\\/p>\",\"typography_typography\":\"custom\",\"typography_font_size\":{\"unit\":\"px\",\"size\":20,\"sizes\":[]}},\"elements\":[],\"widgetType\":\"text-editor\"}],\"isInner\":false}],\"isInner\":false}]","_elementor_page_settings":{"background_background":"classic","background_position":"center center","background_attachment":"scroll","background_repeat":"no-repeat","background_size":"cover"},"_elementor_conditions":[]},"class_list":["post-164","page","type-page","status-publish","hentry"],"_links":{"self":[{"href":"https:\/\/golfzentrum-oberstaufen.de\/index.php?rest_route=\/wp\/v2\/pages\/164","targetHints":{"allow":["GET"]}}],"collection":[{"href":"https:\/\/golfzentrum-oberstaufen.de\/index.php?rest_route=\/wp\/v2\/pages"}],"about":[{"href":"https:\/\/golfzentrum-oberstaufen.de\/index.php?rest_route=\/wp\/v2\/types\/page"}],"author":[{"embeddable":true,"href":"https:\/\/golfzentrum-oberstaufen.de\/index.php?rest_route=\/wp\/v2\/users\/1"}],"replies":[{"embeddable":true,"href":"https:\/\/golfzentrum-oberstaufen.de\/index.php?rest_route=%2Fwp%2Fv2%2Fcomments&post=164"}],"version-history":[{"count":13,"href":"https:\/\/golfzentrum-oberstaufen.de\/index.php?rest_route=\/wp\/v2\/pages\/164\/revisions"}],"predecessor-version":[{"id":1218,"href":"https:\/\/golfzentrum-oberstaufen.de\/index.php?rest_route=\/wp\/v2\/pages\/164\/revisions\/1218"}],"wp:attachment":[{"href":"https:\/\/golfzentrum-oberstaufen.de\/index.php?rest_route=%2Fwp%2Fv2%2Fmedia&parent=164"}],"curies":[{"name":"wp","href":"https:\/\/api.w.org\/{rel}","templated":true}]}}