{"id":89,"date":"2020-08-12T12:25:19","date_gmt":"2020-08-12T10:25:19","guid":{"rendered":"http:\/\/buflings.golfclub-oberstaufen.de\/?page_id=89"},"modified":"2020-09-10T10:49:02","modified_gmt":"2020-09-10T08:49:02","slug":"mitglieder","status":"publish","type":"page","link":"https:\/\/golfzentrum-oberstaufen.de\/?page_id=89","title":{"rendered":"Mitglieder"},"content":{"rendered":"\t\t<div data-elementor-type=\"wp-page\" data-elementor-id=\"89\" class=\"elementor elementor-89\" data-elementor-post-type=\"page\">\n\t\t\t\t\t\t<section class=\"elementor-section elementor-top-section elementor-element elementor-element-5de9d4b elementor-section-full_width elementor-section-height-default elementor-section-height-default\" data-id=\"5de9d4b\" data-element_type=\"section\" data-e-type=\"section\">\n\t\t\t\t\t\t<div class=\"elementor-container elementor-column-gap-no\">\n\t\t\t\t\t<div class=\"elementor-column elementor-col-100 elementor-top-column elementor-element elementor-element-8e226ce\" data-id=\"8e226ce\" data-element_type=\"column\" data-e-type=\"column\">\n\t\t\t<div class=\"elementor-widget-wrap elementor-element-populated\">\n\t\t\t\t\t\t<div class=\"elementor-element elementor-element-2834d9f elementor-widget elementor-widget-image\" data-id=\"2834d9f\" data-element_type=\"widget\" data-e-type=\"widget\" data-widget_type=\"image.default\">\n\t\t\t\t<div class=\"elementor-widget-container\">\n\t\t\t\t\t\t\t\t\t\t\t\t\t\t\t<img fetchpriority=\"high\" decoding=\"async\" width=\"1500\" height=\"509\" src=\"https:\/\/golfzentrum-oberstaufen.de\/wp-content\/uploads\/2020\/08\/DJI_0340.jpg\" class=\"attachment-full size-full wp-image-794\" alt=\"\" srcset=\"https:\/\/golfzentrum-oberstaufen.de\/wp-content\/uploads\/2020\/08\/DJI_0340.jpg 1500w, https:\/\/golfzentrum-oberstaufen.de\/wp-content\/uploads\/2020\/08\/DJI_0340-300x102.jpg 300w, https:\/\/golfzentrum-oberstaufen.de\/wp-content\/uploads\/2020\/08\/DJI_0340-1024x347.jpg 1024w, https:\/\/golfzentrum-oberstaufen.de\/wp-content\/uploads\/2020\/08\/DJI_0340-768x261.jpg 768w\" sizes=\"(max-width: 1500px) 100vw, 1500px\" \/>\t\t\t\t\t\t\t\t\t\t\t\t\t\t\t<\/div>\n\t\t\t\t<\/div>\n\t\t\t\t\t<\/div>\n\t\t<\/div>\n\t\t\t\t\t<\/div>\n\t\t<\/section>\n\t\t\t\t<section class=\"elementor-section elementor-top-section elementor-element elementor-element-0fcbc79 elementor-section-boxed elementor-section-height-default elementor-section-height-default\" data-id=\"0fcbc79\" data-element_type=\"section\" data-e-type=\"section\">\n\t\t\t\t\t\t<div class=\"elementor-container elementor-column-gap-default\">\n\t\t\t\t\t<div class=\"elementor-column elementor-col-100 elementor-top-column elementor-element elementor-element-56d278f\" data-id=\"56d278f\" data-element_type=\"column\" data-e-type=\"column\">\n\t\t\t<div class=\"elementor-widget-wrap elementor-element-populated\">\n\t\t\t\t\t\t<div class=\"elementor-element elementor-element-fbf2834 elementor-widget elementor-widget-posts\" data-id=\"fbf2834\" data-element_type=\"widget\" data-e-type=\"widget\" data-settings=\"{&quot;full_content_row_gap&quot;:{&quot;unit&quot;:&quot;px&quot;,&quot;size&quot;:35,&quot;sizes&quot;:[]}}\" data-widget_type=\"posts.full_content\">\n\t\t\t\t<div class=\"elementor-widget-container\">\n\t\t\t\t\t\t\t<div class=\"elementor-posts-container elementor-posts elementor-posts--skin-full_content elementor-grid\" role=\"list\">\n\t\t\t\t<article class=\"elementor-post elementor-grid-item post-1345 post type-post status-publish format-standard hentry category-mitgliedschaften\" role=\"listitem\">\n\t\t\t\t<div class=\"elementor-post__text\">\n\t\t\n<h2 id=\"wp-block-themeisle-blocks-advanced-heading-20f01454\" class=\"wp-block-themeisle-blocks-advanced-heading wp-block-themeisle-blocks-advanced-heading-20f01454\">Scheidegg<\/h2>\n\n\n\n<hr class=\"wp-block-separator has-text-color has-background has-accent-background-color has-accent-color is-style-wide\" \/>\n\n\n\n<div style=\"height:20px\" aria-hidden=\"true\" class=\"wp-block-spacer\"><\/div>\n\n\n\n<p><\/p>\n\n\n\n<p class=\"has-text-align-center\">Der relativ flache Golfplatz&nbsp; (Par 70) ist seit Sommer 2011 in Betrieb und bietet neben herrlicher Natur ein abwechslungsreiches und angenehmes Spiel&nbsp; auf seinen 9 Spielbahnen. Dar\u00fcber hinaus laden die 300m Driving Range sowie gro\u00dfz\u00fcgige \u00dcbungseinrichtungen mit \u00dcbungsgr\u00fcns und Bunkern geradezu ein, seine Schl\u00e4ge abseits des Fairways zu perfektionieren.<\/p>\n\n\n\n<h2 id=\"wp-block-themeisle-blocks-advanced-heading-1b5b9f92\" class=\"wp-block-themeisle-blocks-advanced-heading wp-block-themeisle-blocks-advanced-heading-1b5b9f92\">Oberstaufen<\/h2>\n\n\n\n<hr class=\"wp-block-separator has-text-color has-background has-accent-background-color has-accent-color is-style-wide\" \/>\n\n\n\n<div style=\"height:20px\" aria-hidden=\"true\" class=\"wp-block-spacer\"><\/div>\n\n\n\n<p class=\"has-text-align-center\">Der 18-Loch-Platz mit seiner abwechslungsreichen Topografie ist harmonisch an die Allg\u00e4uer Landschaft angepasst und bietet sowohl Anf\u00e4ngern als auch ge\u00fcbten Spielern eine sportliche Herausforderung. Leichte H\u00f6henunterschiede, Schr\u00e4glagen und Wasserhindernisse sorgen f\u00fcr ein abwechslungsreiches, kurzweiliges Spiel.<\/p>\n\n\n\n<h2 id=\"wp-block-themeisle-blocks-advanced-heading-e0a26178\" class=\"wp-block-themeisle-blocks-advanced-heading wp-block-themeisle-blocks-advanced-heading-e0a26178\">Oberstaufen-Zell<\/h2>\n\n\n\n<hr class=\"wp-block-separator has-text-color has-background has-accent-background-color has-accent-color is-style-wide\" \/>\n\n\n\n<div style=\"height:20px\" aria-hidden=\"true\" class=\"wp-block-spacer\"><\/div>\n\n\n\n<p class=\"has-text-align-center\">Der 9-Loch-Platz Oberstaufen-Zell bietet&nbsp;mit seinen Spielbahnen zwischen 114 und 232 Metern (Par 28)&nbsp;insbesondere f\u00fcr Golfanf\u00e4nger die optimale M\u00f6glichkeit,&nbsp; sich fernab vom regul\u00e4ren Spielbetrieb mit den Gegebenheiten eines Golfplatzes vertraut zu machen. F\u00fcr den Platz ist keine Mitgliedschaft oder Platzerlaubnis n\u00f6tig, dennoch sollten bereits erste Grundkenntnisse vorhanden sein.&nbsp;&nbsp;<\/p>\n\t\t<\/div>\n\t\t\t\t<\/article>\n\t\t\t\t<\/div>\n\t\t\n\t\t\t\t\t\t<\/div>\n\t\t\t\t<\/div>\n\t\t\t\t\t<\/div>\n\t\t<\/div>\n\t\t\t\t\t<\/div>\n\t\t<\/section>\n\t\t\t\t<\/div>\n\t\t","protected":false},"excerpt":{"rendered":"","protected":false},"author":1,"featured_media":0,"parent":0,"menu_order":0,"comment_status":"closed","ping_status":"closed","template":"elementor_header_footer","meta":{"footnotes":"","_elementor_edit_mode":"builder","_elementor_template_type":"wp-page","_elementor_data":"[{\"id\":\"5de9d4b\",\"elType\":\"section\",\"settings\":{\"layout\":\"full_width\",\"gap\":\"no\"},\"elements\":[{\"id\":\"8e226ce\",\"elType\":\"column\",\"settings\":{\"_column_size\":100,\"_inline_size\":null},\"elements\":[{\"id\":\"2834d9f\",\"elType\":\"widget\",\"settings\":{\"image\":{\"url\":\"http:\\\/\\\/buflings.golfclub-oberstaufen.de\\\/wp-content\\\/uploads\\\/2020\\\/08\\\/DJI_0340.jpg\",\"id\":794},\"image_size\":\"full\"},\"elements\":[],\"widgetType\":\"image\"}],\"isInner\":false}],\"isInner\":false},{\"id\":\"0fcbc79\",\"elType\":\"section\",\"settings\":[],\"elements\":[{\"id\":\"56d278f\",\"elType\":\"column\",\"settings\":{\"_column_size\":100,\"_inline_size\":null},\"elements\":[{\"id\":\"fbf2834\",\"elType\":\"widget\",\"settings\":{\"_skin\":\"full_content\",\"classic_meta_separator\":\"\\\/\\\/\\\/\",\"classic_read_more_text\":\"Weiterlesen \\u00bb\",\"cards_meta_separator\":\"\\u2022\",\"cards_read_more_text\":\"Weiterlesen \\u00bb\",\"full_content_posts_per_page\":1,\"full_content_meta_data\":[],\"full_content_meta_separator\":\"\\\/\\\/\\\/\",\"posts_select_date\":\"exact\",\"posts_date_before\":\"2020-09-10 10:32\",\"pagination_page_limit\":\"5\",\"pagination_prev_label\":\"&laquo; Voriger\",\"pagination_next_label\":\"N\\u00e4chster &raquo;\",\"posts_date_after\":\"2020-08-24 12:00\",\"full_content_show_title\":\"\"},\"elements\":[],\"widgetType\":\"posts\"}],\"isInner\":false}],\"isInner\":false}]","_elementor_page_settings":null,"_elementor_conditions":[]},"class_list":["post-89","page","type-page","status-publish","hentry"],"_links":{"self":[{"href":"https:\/\/golfzentrum-oberstaufen.de\/index.php?rest_route=\/wp\/v2\/pages\/89","targetHints":{"allow":["GET"]}}],"collection":[{"href":"https:\/\/golfzentrum-oberstaufen.de\/index.php?rest_route=\/wp\/v2\/pages"}],"about":[{"href":"https:\/\/golfzentrum-oberstaufen.de\/index.php?rest_route=\/wp\/v2\/types\/page"}],"author":[{"embeddable":true,"href":"https:\/\/golfzentrum-oberstaufen.de\/index.php?rest_route=\/wp\/v2\/users\/1"}],"replies":[{"embeddable":true,"href":"https:\/\/golfzentrum-oberstaufen.de\/index.php?rest_route=%2Fwp%2Fv2%2Fcomments&post=89"}],"version-history":[{"count":18,"href":"https:\/\/golfzentrum-oberstaufen.de\/index.php?rest_route=\/wp\/v2\/pages\/89\/revisions"}],"predecessor-version":[{"id":1357,"href":"https:\/\/golfzentrum-oberstaufen.de\/index.php?rest_route=\/wp\/v2\/pages\/89\/revisions\/1357"}],"wp:attachment":[{"href":"https:\/\/golfzentrum-oberstaufen.de\/index.php?rest_route=%2Fwp%2Fv2%2Fmedia&parent=89"}],"curies":[{"name":"wp","href":"https:\/\/api.w.org\/{rel}","templated":true}]}}