{"id":92,"date":"2020-08-12T12:25:19","date_gmt":"2020-08-12T12:25:19","guid":{"rendered":"http:\/\/buflings.golfclub-oberstaufen.de\/?page_id=92"},"modified":"2022-07-04T13:15:25","modified_gmt":"2022-07-04T11:15:25","slug":"golfschule","status":"publish","type":"page","link":"https:\/\/golfzentrum-oberstaufen.de\/?page_id=92","title":{"rendered":"Golfschule"},"content":{"rendered":"\t\t<div data-elementor-type=\"wp-page\" data-elementor-id=\"92\" class=\"elementor elementor-92\" data-elementor-post-type=\"page\">\n\t\t\t\t\t\t<section class=\"elementor-section elementor-top-section elementor-element elementor-element-6c3b8ac0 elementor-section-full_width elementor-section-height-default elementor-section-height-default\" data-id=\"6c3b8ac0\" data-element_type=\"section\" data-e-type=\"section\">\n\t\t\t\t\t\t<div class=\"elementor-container elementor-column-gap-no\">\n\t\t\t\t\t<div class=\"elementor-column elementor-col-100 elementor-top-column elementor-element elementor-element-31fd1fec\" data-id=\"31fd1fec\" data-element_type=\"column\" data-e-type=\"column\">\n\t\t\t<div class=\"elementor-widget-wrap elementor-element-populated\">\n\t\t\t\t\t\t<div class=\"elementor-element elementor-element-778cc5ba elementor-widget elementor-widget-image\" data-id=\"778cc5ba\" data-element_type=\"widget\" data-e-type=\"widget\" data-widget_type=\"image.default\">\n\t\t\t\t<div class=\"elementor-widget-container\">\n\t\t\t\t\t\t\t\t\t\t\t\t\t\t\t<img fetchpriority=\"high\" decoding=\"async\" width=\"1500\" height=\"509\" src=\"https:\/\/golfzentrum-oberstaufen.de\/wp-content\/uploads\/2020\/08\/Golfschule.jpg\" class=\"attachment-full size-full wp-image-979\" alt=\"\" srcset=\"https:\/\/golfzentrum-oberstaufen.de\/wp-content\/uploads\/2020\/08\/Golfschule.jpg 1500w, https:\/\/golfzentrum-oberstaufen.de\/wp-content\/uploads\/2020\/08\/Golfschule-300x102.jpg 300w, https:\/\/golfzentrum-oberstaufen.de\/wp-content\/uploads\/2020\/08\/Golfschule-1024x347.jpg 1024w, https:\/\/golfzentrum-oberstaufen.de\/wp-content\/uploads\/2020\/08\/Golfschule-768x261.jpg 768w\" sizes=\"(max-width: 1500px) 100vw, 1500px\" \/>\t\t\t\t\t\t\t\t\t\t\t\t\t\t\t<\/div>\n\t\t\t\t<\/div>\n\t\t\t\t\t<\/div>\n\t\t<\/div>\n\t\t\t\t\t<\/div>\n\t\t<\/section>\n\t\t\t\t<section class=\"elementor-section elementor-top-section elementor-element elementor-element-1e6f7f7 elementor-section-boxed elementor-section-height-default elementor-section-height-default\" data-id=\"1e6f7f7\" data-element_type=\"section\" data-e-type=\"section\">\n\t\t\t\t\t\t<div class=\"elementor-container elementor-column-gap-default\">\n\t\t\t\t\t<div class=\"elementor-column elementor-col-50 elementor-top-column elementor-element elementor-element-257d0ef\" data-id=\"257d0ef\" data-element_type=\"column\" data-e-type=\"column\">\n\t\t\t<div class=\"elementor-widget-wrap elementor-element-populated\">\n\t\t\t\t\t\t<section class=\"elementor-section elementor-inner-section elementor-element elementor-element-83ae65e elementor-section-boxed elementor-section-height-default elementor-section-height-default\" data-id=\"83ae65e\" data-element_type=\"section\" data-e-type=\"section\">\n\t\t\t\t\t\t<div class=\"elementor-container elementor-column-gap-default\">\n\t\t\t\t\t<div class=\"elementor-column elementor-col-50 elementor-inner-column elementor-element elementor-element-27c26fe\" data-id=\"27c26fe\" data-element_type=\"column\" data-e-type=\"column\">\n\t\t\t<div class=\"elementor-widget-wrap elementor-element-populated\">\n\t\t\t\t\t\t<div class=\"elementor-element elementor-element-e92737f elementor-widget elementor-widget-image\" data-id=\"e92737f\" data-element_type=\"widget\" data-e-type=\"widget\" data-widget_type=\"image.default\">\n\t\t\t\t<div class=\"elementor-widget-container\">\n\t\t\t\t\t\t\t\t\t\t\t\t\t\t\t<img decoding=\"async\" src=\"https:\/\/golfzentrum-oberstaufen.de\/wp-content\/uploads\/2020\/09\/Thorsten-Haupt-1.jpg\" title=\"Thorsten-Haupt-1\" alt=\"Thorsten-Haupt-1\" loading=\"lazy\" \/>\t\t\t\t\t\t\t\t\t\t\t\t\t\t\t<\/div>\n\t\t\t\t<\/div>\n\t\t\t\t\t<\/div>\n\t\t<\/div>\n\t\t\t\t<div class=\"elementor-column elementor-col-50 elementor-inner-column elementor-element elementor-element-32f5292\" data-id=\"32f5292\" data-element_type=\"column\" data-e-type=\"column\">\n\t\t\t<div class=\"elementor-widget-wrap elementor-element-populated\">\n\t\t\t\t\t\t<div class=\"elementor-element elementor-element-b0431ed elementor-widget elementor-widget-image\" data-id=\"b0431ed\" data-element_type=\"widget\" data-e-type=\"widget\" data-widget_type=\"image.default\">\n\t\t\t\t<div class=\"elementor-widget-container\">\n\t\t\t\t\t\t\t\t\t\t\t\t\t\t\t<img decoding=\"async\" width=\"300\" height=\"200\" src=\"https:\/\/golfzentrum-oberstaufen.de\/wp-content\/uploads\/2020\/09\/bag-300x200.jpg\" class=\"attachment-medium size-medium wp-image-1396\" alt=\"\" srcset=\"https:\/\/golfzentrum-oberstaufen.de\/wp-content\/uploads\/2020\/09\/bag-300x200.jpg 300w, https:\/\/golfzentrum-oberstaufen.de\/wp-content\/uploads\/2020\/09\/bag-360x240.jpg 360w, https:\/\/golfzentrum-oberstaufen.de\/wp-content\/uploads\/2020\/09\/bag.jpg 601w\" sizes=\"(max-width: 300px) 100vw, 300px\" \/>\t\t\t\t\t\t\t\t\t\t\t\t\t\t\t<\/div>\n\t\t\t\t<\/div>\n\t\t\t\t<div class=\"elementor-element elementor-element-76991c5 elementor-widget elementor-widget-image\" data-id=\"76991c5\" data-element_type=\"widget\" data-e-type=\"widget\" data-widget_type=\"image.default\">\n\t\t\t\t<div class=\"elementor-widget-container\">\n\t\t\t\t\t\t\t\t\t\t\t\t\t\t\t<img decoding=\"async\" width=\"300\" height=\"200\" src=\"https:\/\/golfzentrum-oberstaufen.de\/wp-content\/uploads\/2020\/09\/torsten22-1-von-2.jpg-300x200.jpeg\" class=\"attachment-medium size-medium wp-image-1468\" alt=\"\" srcset=\"https:\/\/golfzentrum-oberstaufen.de\/wp-content\/uploads\/2020\/09\/torsten22-1-von-2.jpg-300x200.jpeg 300w, https:\/\/golfzentrum-oberstaufen.de\/wp-content\/uploads\/2020\/09\/torsten22-1-von-2.jpg-1024x683.jpeg 1024w, https:\/\/golfzentrum-oberstaufen.de\/wp-content\/uploads\/2020\/09\/torsten22-1-von-2.jpg-768x512.jpeg 768w, https:\/\/golfzentrum-oberstaufen.de\/wp-content\/uploads\/2020\/09\/torsten22-1-von-2.jpg-1536x1024.jpeg 1536w, https:\/\/golfzentrum-oberstaufen.de\/wp-content\/uploads\/2020\/09\/torsten22-1-von-2.jpg-2048x1365.jpeg 2048w, https:\/\/golfzentrum-oberstaufen.de\/wp-content\/uploads\/2020\/09\/torsten22-1-von-2.jpg-360x240.jpeg 360w\" sizes=\"(max-width: 300px) 100vw, 300px\" \/>\t\t\t\t\t\t\t\t\t\t\t\t\t\t\t<\/div>\n\t\t\t\t<\/div>\n\t\t\t\t\t<\/div>\n\t\t<\/div>\n\t\t\t\t\t<\/div>\n\t\t<\/section>\n\t\t\t\t\t<\/div>\n\t\t<\/div>\n\t\t\t\t<div class=\"elementor-column elementor-col-50 elementor-top-column elementor-element elementor-element-55c9d8d\" data-id=\"55c9d8d\" data-element_type=\"column\" data-e-type=\"column\">\n\t\t\t<div class=\"elementor-widget-wrap elementor-element-populated\">\n\t\t\t\t\t\t<div class=\"elementor-element elementor-element-0844a7a elementor-widget elementor-widget-spacer\" data-id=\"0844a7a\" data-element_type=\"widget\" data-e-type=\"widget\" data-widget_type=\"spacer.default\">\n\t\t\t\t<div class=\"elementor-widget-container\">\n\t\t\t\t\t\t\t<div class=\"elementor-spacer\">\n\t\t\t<div class=\"elementor-spacer-inner\"><\/div>\n\t\t<\/div>\n\t\t\t\t\t\t<\/div>\n\t\t\t\t<\/div>\n\t\t\t\t<div class=\"elementor-element elementor-element-e91dc85 elementor-widget elementor-widget-heading\" data-id=\"e91dc85\" data-element_type=\"widget\" data-e-type=\"widget\" data-widget_type=\"heading.default\">\n\t\t\t\t<div class=\"elementor-widget-container\">\n\t\t\t\t\t<h2 class=\"elementor-heading-title elementor-size-default\">Torsten Daschner<\/h2>\t\t\t\t<\/div>\n\t\t\t\t<\/div>\n\t\t\t\t\t<\/div>\n\t\t<\/div>\n\t\t\t\t\t<\/div>\n\t\t<\/section>\n\t\t\t\t<section class=\"elementor-section elementor-top-section elementor-element elementor-element-8d2cc9c elementor-section-boxed elementor-section-height-default elementor-section-height-default\" data-id=\"8d2cc9c\" data-element_type=\"section\" data-e-type=\"section\">\n\t\t\t\t\t\t<div class=\"elementor-container elementor-column-gap-default\">\n\t\t\t\t\t<div class=\"elementor-column elementor-col-100 elementor-top-column elementor-element elementor-element-fd76c1f\" data-id=\"fd76c1f\" data-element_type=\"column\" data-e-type=\"column\">\n\t\t\t<div class=\"elementor-widget-wrap elementor-element-populated\">\n\t\t\t\t\t\t<div class=\"elementor-element elementor-element-c3fe1b1 elementor-widget elementor-widget-spacer\" data-id=\"c3fe1b1\" data-element_type=\"widget\" data-e-type=\"widget\" data-widget_type=\"spacer.default\">\n\t\t\t\t<div class=\"elementor-widget-container\">\n\t\t\t\t\t\t\t<div class=\"elementor-spacer\">\n\t\t\t<div class=\"elementor-spacer-inner\"><\/div>\n\t\t<\/div>\n\t\t\t\t\t\t<\/div>\n\t\t\t\t<\/div>\n\t\t\t\t<div class=\"elementor-element elementor-element-5a07c72 elementor-widget elementor-widget-posts\" data-id=\"5a07c72\" data-element_type=\"widget\" data-e-type=\"widget\" data-settings=\"{&quot;full_content_row_gap&quot;:{&quot;unit&quot;:&quot;px&quot;,&quot;size&quot;:35,&quot;sizes&quot;:[]}}\" data-widget_type=\"posts.full_content\">\n\t\t\t\t<div class=\"elementor-widget-container\">\n\t\t\t\t\t\t\t<div class=\"elementor-posts-container elementor-posts elementor-posts--skin-full_content elementor-grid\" role=\"list\">\n\t\t\t\t<article class=\"elementor-post elementor-grid-item post-1123 post type-post status-publish format-standard hentry category-golfschule\" role=\"listitem\">\n\t\t\t\t<div class=\"elementor-post__text\">\n\t\t\n<h2 id=\"wp-block-themeisle-blocks-advanced-heading-7ef8a3dc\" class=\"wp-block-themeisle-blocks-advanced-heading wp-block-themeisle-blocks-advanced-heading-7ef8a3dc\">Kurse<\/h2>\n\n\n\n<p class=\"has-text-align-left\">Unterricht findet am <strong>Golfplatz Scheidegg<\/strong> statt. Die Adresse lautet: <strong>Am Gro\u00dfen Baum 7, 88175 Scheidegg<\/strong><\/p>\n\n\n\n<p class=\"has-text-align-left\">Golfkurse sind buchbar unter <strong>08381\/8899380 <\/strong>(Sekretariat Scheidegg)<\/p>\n\n\n\n<div class=\"wp-block-group\"><div class=\"wp-block-group__inner-container is-layout-flow wp-block-group-is-layout-flow\">\n<div class=\"wp-block-columns is-layout-flex wp-container-core-columns-is-layout-28f84493 wp-block-columns-is-layout-flex\">\n<div class=\"wp-block-column is-layout-flow wp-block-column-is-layout-flow\" style=\"flex-basis:100%\">\n<div class=\"wp-block-group\"><div class=\"wp-block-group__inner-container is-layout-flow wp-block-group-is-layout-flow\">\n<figure class=\"wp-block-table is-style-stripes\"><table><thead><tr><th class=\"has-text-align-left\" data-align=\"left\"><strong>PRIVATUNTERRICHT<\/strong> (55 Minuten)<\/th><th class=\"has-text-align-left\" data-align=\"left\"><strong>Preise<\/strong><\/th><\/tr><\/thead><tbody><tr><td class=\"has-text-align-left\" data-align=\"left\">Einzelunterricht<\/td><td class=\"has-text-align-left\" data-align=\"left\">80 \u20ac pro Unterrichtseinheit<\/td><\/tr><tr><td class=\"has-text-align-left\" data-align=\"left\">2 &#8211; 3 Personen<\/td><td class=\"has-text-align-left\" data-align=\"left\">100 \u20ac pro Unterrichtseinheit<\/td><\/tr><tr><td class=\"has-text-align-left\" data-align=\"left\">4 &#8211; 6 Personen <\/td><td class=\"has-text-align-left\" data-align=\"left\">auf Anfrage<\/td><\/tr><\/tbody><\/table><\/figure>\n<\/div><\/div>\n<\/div>\n<\/div>\n<\/div><\/div>\n\n\n\n<div style=\"height:40px\" aria-hidden=\"true\" class=\"wp-block-spacer\"><\/div>\n\n\n\n<hr class=\"wp-block-separator has-text-color has-accent-color has-css-opacity has-accent-background-color has-background is-style-wide\" \/>\n\n\n\n<div style=\"height:41px\" aria-hidden=\"true\" class=\"wp-block-spacer\"><\/div>\n\n\n\n<h6 id=\"wp-block-themeisle-blocks-advanced-heading-85654feb\" class=\"wp-block-themeisle-blocks-advanced-heading wp-block-themeisle-blocks-advanced-heading-85654feb\">SCHNUPPERKURS<\/h6>\n\n\n\n<ul class=\"wp-block-list\"><li>Grundkenntnisse f\u00fcr den Golfsport,<strong> mindestens 2 Teilnehmer<\/strong><\/li><li><strong>3 Unterrichtseinheiten <\/strong>praktischer Golfunterricht inkl. Theorie<\/li><li>bei Eignung, Freigabe zum selbst\u00e4ndigen Spiel auf dem 9-Loch Kurzplatz \u201eZell\u201c<\/li><\/ul>\n\n\n\n<p class=\"has-text-align-left\"><strong>Die Kursgeb\u00fchr betr\u00e4gt 150 \u20ac pro Person<\/strong><\/p>\n\n\n\n<hr class=\"wp-block-separator has-css-opacity is-style-wide\" \/>\n\n\n\n<div style=\"height:41px\" aria-hidden=\"true\" class=\"wp-block-spacer\"><\/div>\n\n\n\n<hr class=\"wp-block-separator has-text-color has-accent-color has-css-opacity has-accent-background-color has-background is-style-wide\" \/>\n\n\n\n<div style=\"height:41px\" aria-hidden=\"true\" class=\"wp-block-spacer\"><\/div>\n\n\n\n<div class=\"wp-block-group\"><div class=\"wp-block-group__inner-container is-layout-flow wp-block-group-is-layout-flow\">\n<h6 id=\"wp-block-themeisle-blocks-advanced-heading-d47f3232\" class=\"wp-block-themeisle-blocks-advanced-heading wp-block-themeisle-blocks-advanced-heading-d47f3232\"><strong>DGV-PLATZREIFEKURS<\/strong><\/h6>\n<\/div><\/div>\n\n\n\n<ul class=\"wp-block-list\"><li>f\u00fcr Golfer<strong> mit Vorkenntnissen<\/strong> oder Teilnehmer eines Grundkurses,<strong>&nbsp;mindestens 3 Teilnehmer<\/strong><\/li><li><strong>10 Unterrichtseinheiten<\/strong> praktischer Golfunterricht inkl. Theorie<\/li><li>Inhalte: Schl\u00e4gerkunde, Technik, Etikette, Regeln, Ausr\u00fcstung<\/li><li>bei Eignung M\u00f6glichkeit zur Erlangung der DGV-Platzreife (Handicap 54)<\/li><\/ul>\n\n\n\n<p class=\"has-text-align-left\"><strong>Die Kursgeb\u00fchr betr\u00e4gt 450 \u20ac pro Person<\/strong><\/p>\n\n\n\n<div style=\"height:41px\" aria-hidden=\"true\" class=\"wp-block-spacer\"><\/div>\n\n\n\n<hr class=\"wp-block-separator has-text-color has-accent-color has-css-opacity has-accent-background-color has-background is-style-wide\" \/>\n\n\n\n<div style=\"height:41px\" aria-hidden=\"true\" class=\"wp-block-spacer\"><\/div>\n\n\n\n<h6 id=\"wp-block-themeisle-blocks-advanced-heading-319a7669\" class=\"wp-block-themeisle-blocks-advanced-heading wp-block-themeisle-blocks-advanced-heading-319a7669\"><strong>EINSTEIGER &#8211; GOLFKURS ZUR DGV-PLATZREIFE<\/strong><\/h6>\n\n\n\n<ul class=\"wp-block-list\"><li>ideal f\u00fcr Einsteiger, <strong>mindestens 3 Teilnehmer<\/strong><\/li><li><strong>15 Unterrichtseinheiten<\/strong> praktischer Golfunterricht inkl. Theorie&nbsp;<\/li><li>Inhalte: Schl\u00e4gerkunde, Technik, Taktik, Etikette, Regeln, Ausr\u00fcstung<\/li><li>bei Eignung M\u00f6glichkeit zur Erlangung der DGV-Platzreife (Handicap 54)<\/li><\/ul>\n\n\n\n<p class=\"has-text-align-left\"><strong>Die Kursgeb\u00fchr betr\u00e4gt 600 \u20ac pro Person<\/strong><\/p>\n\n\n\n<div style=\"height:41px\" aria-hidden=\"true\" class=\"wp-block-spacer\"><\/div>\n\n\n\n<hr class=\"wp-block-separator has-text-color has-accent-color has-css-opacity has-accent-background-color has-background is-style-wide\" \/>\n\n\n\n<div style=\"height:41px\" aria-hidden=\"true\" class=\"wp-block-spacer\"><\/div>\n\n\n\n<div class=\"wp-block-group\"><div class=\"wp-block-group__inner-container is-layout-flow wp-block-group-is-layout-flow\">\n<h5 class=\"has-text-align-center wp-block-heading\"><strong><em>In den  Kurspreisen enthalten sind Leihschl\u00e4ger, Range B\u00e4lle, Green Fee, Versicherung etc. w\u00e4hrend der Kurszeiten.<\/em><\/strong><\/h5>\n\n\n\n<p class=\"has-text-align-center\"><strong><em>Nur Barzahlung m\u00f6glich.<\/em><\/strong><\/p>\n\n\n\n<p class=\"has-text-align-center\"><strong><em>Unterrichtseinheit = 55 Minuten<\/em><\/strong><\/p>\n\n\n\n<p class=\"has-text-align-center\"><strong><em>Stunden, die nicht sp\u00e4testens am Vortag abgesagt werden, m\u00fcssen wir berechnen.<\/em><\/strong><\/p>\n<\/div><\/div>\n\t\t<\/div>\n\t\t\t\t<\/article>\n\t\t\t\t<\/div>\n\t\t\n\t\t\t\t\t\t<\/div>\n\t\t\t\t<\/div>\n\t\t\t\t\t<\/div>\n\t\t<\/div>\n\t\t\t\t\t<\/div>\n\t\t<\/section>\n\t\t\t\t<\/div>\n\t\t","protected":false},"excerpt":{"rendered":"<p>Torsten Daschner<\/p>\n","protected":false},"author":1,"featured_media":0,"parent":0,"menu_order":0,"comment_status":"closed","ping_status":"closed","template":"elementor_header_footer","meta":{"footnotes":"","_elementor_edit_mode":"builder","_elementor_template_type":"wp-page","_elementor_data":"[{\"id\":\"6c3b8ac0\",\"elType\":\"section\",\"settings\":{\"layout\":\"full_width\",\"gap\":\"no\"},\"elements\":[{\"id\":\"31fd1fec\",\"elType\":\"column\",\"settings\":{\"_column_size\":100,\"_inline_size\":null},\"elements\":[{\"id\":\"778cc5ba\",\"elType\":\"widget\",\"settings\":{\"image\":{\"url\":\"http:\\\/\\\/buflings.golfclub-oberstaufen.de\\\/wp-content\\\/uploads\\\/2020\\\/08\\\/Golfschule.jpg\",\"id\":979},\"image_size\":\"full\"},\"elements\":[],\"widgetType\":\"image\"}],\"isInner\":false}],\"isInner\":false},{\"id\":\"1e6f7f7\",\"elType\":\"section\",\"settings\":{\"structure\":\"20\"},\"elements\":[{\"id\":\"257d0ef\",\"elType\":\"column\",\"settings\":{\"_column_size\":50,\"_inline_size\":null},\"elements\":[{\"id\":\"83ae65e\",\"elType\":\"section\",\"settings\":{\"structure\":\"20\"},\"elements\":[{\"id\":\"27c26fe\",\"elType\":\"column\",\"settings\":{\"_column_size\":50,\"_inline_size\":null},\"elements\":[{\"id\":\"e92737f\",\"elType\":\"widget\",\"settings\":{\"image\":{\"url\":\"http:\\\/\\\/buflings.golfclub-oberstaufen.de\\\/wp-content\\\/uploads\\\/2020\\\/09\\\/Thorsten-Haupt-1.jpg\",\"id\":1399},\"image_size\":\"custom\",\"image_custom_dimension\":{\"width\":\"500\",\"height\":\"705\"}},\"elements\":[],\"widgetType\":\"image\"}],\"isInner\":true},{\"id\":\"32f5292\",\"elType\":\"column\",\"settings\":{\"_column_size\":50,\"_inline_size\":null},\"elements\":[{\"id\":\"b0431ed\",\"elType\":\"widget\",\"settings\":{\"image\":{\"url\":\"http:\\\/\\\/buflings.golfclub-oberstaufen.de\\\/wp-content\\\/uploads\\\/2020\\\/09\\\/bag.jpg\",\"id\":1396},\"image_size\":\"medium\"},\"elements\":[],\"widgetType\":\"image\"},{\"id\":\"76991c5\",\"elType\":\"widget\",\"settings\":{\"image\":{\"url\":\"http:\\\/\\\/buflings.golfclub-oberstaufen.de\\\/wp-content\\\/uploads\\\/2020\\\/09\\\/torsten22-1-von-2.jpg-scaled.jpeg\",\"id\":1468},\"image_size\":\"medium\"},\"elements\":[],\"widgetType\":\"image\"}],\"isInner\":true}],\"isInner\":true}],\"isInner\":false},{\"id\":\"55c9d8d\",\"elType\":\"column\",\"settings\":{\"_column_size\":50,\"_inline_size\":null},\"elements\":[{\"id\":\"0844a7a\",\"elType\":\"widget\",\"settings\":{\"space\":{\"unit\":\"em\",\"size\":10,\"sizes\":[]},\"space_tablet\":{\"unit\":\"em\",\"size\":7,\"sizes\":[]},\"space_mobile\":{\"unit\":\"em\",\"size\":5,\"sizes\":[]}},\"elements\":[],\"widgetType\":\"spacer\"},{\"id\":\"e91dc85\",\"elType\":\"widget\",\"settings\":{\"title\":\"Torsten Daschner\",\"align\":\"center\"},\"elements\":[],\"widgetType\":\"heading\"},{\"id\":\"cd2beca\",\"elType\":\"widget\",\"settings\":{\"editor\":\"\"},\"elements\":[],\"widgetType\":\"text-editor\"}],\"isInner\":false}],\"isInner\":false},{\"id\":\"8d2cc9c\",\"elType\":\"section\",\"settings\":[],\"elements\":[{\"id\":\"fd76c1f\",\"elType\":\"column\",\"settings\":{\"_column_size\":100,\"_inline_size\":null},\"elements\":[{\"id\":\"c3fe1b1\",\"elType\":\"widget\",\"settings\":{\"space\":{\"unit\":\"px\",\"size\":20,\"sizes\":[]}},\"elements\":[],\"widgetType\":\"spacer\"},{\"id\":\"5a07c72\",\"elType\":\"widget\",\"settings\":{\"_skin\":\"full_content\",\"classic_meta_separator\":\"\\\/\\\/\\\/\",\"classic_read_more_text\":\"Weiterlesen \\u00bb\",\"cards_meta_separator\":\"\\u2022\",\"cards_read_more_text\":\"Weiterlesen \\u00bb\",\"full_content_posts_per_page\":1,\"full_content_meta_data\":[],\"full_content_meta_separator\":\"\\\/\\\/\\\/\",\"posts_select_date\":\"exact\",\"posts_date_before\":\"2020-08-30 12:00\",\"pagination_page_limit\":\"5\",\"pagination_prev_label\":\"&laquo; Voriger\",\"pagination_next_label\":\"N\\u00e4chster &raquo;\",\"full_content_show_title\":\"\",\"posts_include\":[\"terms\"],\"posts_include_term_ids\":[\"44\"]},\"elements\":[],\"widgetType\":\"posts\"}],\"isInner\":false}],\"isInner\":false}]","_elementor_page_settings":null,"_elementor_conditions":[]},"class_list":["post-92","page","type-page","status-publish","hentry"],"_links":{"self":[{"href":"https:\/\/golfzentrum-oberstaufen.de\/index.php?rest_route=\/wp\/v2\/pages\/92","targetHints":{"allow":["GET"]}}],"collection":[{"href":"https:\/\/golfzentrum-oberstaufen.de\/index.php?rest_route=\/wp\/v2\/pages"}],"about":[{"href":"https:\/\/golfzentrum-oberstaufen.de\/index.php?rest_route=\/wp\/v2\/types\/page"}],"author":[{"embeddable":true,"href":"https:\/\/golfzentrum-oberstaufen.de\/index.php?rest_route=\/wp\/v2\/users\/1"}],"replies":[{"embeddable":true,"href":"https:\/\/golfzentrum-oberstaufen.de\/index.php?rest_route=%2Fwp%2Fv2%2Fcomments&post=92"}],"version-history":[{"count":27,"href":"https:\/\/golfzentrum-oberstaufen.de\/index.php?rest_route=\/wp\/v2\/pages\/92\/revisions"}],"predecessor-version":[{"id":2097,"href":"https:\/\/golfzentrum-oberstaufen.de\/index.php?rest_route=\/wp\/v2\/pages\/92\/revisions\/2097"}],"wp:attachment":[{"href":"https:\/\/golfzentrum-oberstaufen.de\/index.php?rest_route=%2Fwp%2Fv2%2Fmedia&parent=92"}],"curies":[{"name":"wp","href":"https:\/\/api.w.org\/{rel}","templated":true}]}}